{"id":14,"date":"2023-02-07T20:43:40","date_gmt":"2023-02-07T20:43:40","guid":{"rendered":"https:\/\/estherpalacin.com\/?page_id=14"},"modified":"2024-03-19T13:02:34","modified_gmt":"2024-03-19T13:02:34","slug":"inicio","status":"publish","type":"page","link":"https:\/\/estherpalacin.com\/en\/","title":{"rendered":"Inicio"},"content":{"rendered":"<div data-elementor-type=\"wp-page\" data-elementor-id=\"14\" class=\"elementor elementor-14\" data-elementor-post-type=\"page\">\n\t\t\t\t\t\t<section class=\"elementor-section elementor-top-section elementor-element elementor-element-793e58e elementor-section-height-full elementor-section-boxed elementor-section-height-default elementor-section-items-middle\" data-id=\"793e58e\" data-element_type=\"section\" data-settings=\"{&quot;background_background&quot;:&quot;gradient&quot;}\">\n\t\t\t\t\t\t<div class=\"elementor-container elementor-column-gap-default\">\n\t\t\t\t\t<div class=\"elementor-column elementor-col-100 elementor-top-column elementor-element elementor-element-72c5082\" data-id=\"72c5082\" data-element_type=\"column\">\n\t\t\t<div class=\"elementor-widget-wrap elementor-element-populated\">\n\t\t\t\t\t\t<div class=\"elementor-element elementor-element-839a075 elementor-widget elementor-widget-image\" data-id=\"839a075\" data-element_type=\"widget\" data-widget_type=\"image.default\">\n\t\t\t\t<div class=\"elementor-widget-container\">\n\t\t\t<style>\/*! elementor - v3.20.0 - 13-03-2024 *\/\n.elementor-widget-image{text-align:center}.elementor-widget-image a{display:inline-block}.elementor-widget-image a img[src$=\".svg\"]{width:48px}.elementor-widget-image img{vertical-align:middle;display:inline-block}<\/style>\t\t\t\t\t\t\t\t\t\t<img decoding=\"async\" src=\"https:\/\/estherpalacin.com\/wp-content\/uploads\/elementor\/thumbs\/DSC_5728-copia-qg8cql9qpoyr6vsdgd5frflxamkzmoa6hwopcpa0fo.jpg\" title=\"DSC_5728 copia\" alt=\"DSC_5728 copia\" loading=\"lazy\" \/>\t\t\t\t\t\t\t\t\t\t\t\t\t<\/div>\n\t\t\t\t<\/div>\n\t\t\t\t<div class=\"elementor-element elementor-element-7464737 elementor-widget elementor-widget-heading\" data-id=\"7464737\" data-element_type=\"widget\" data-widget_type=\"heading.default\">\n\t\t\t\t<div class=\"elementor-widget-container\">\n\t\t\t<style>\/*! elementor - v3.20.0 - 13-03-2024 *\/\n.elementor-heading-title{padding:0;margin:0;line-height:1}.elementor-widget-heading .elementor-heading-title[class*=elementor-size-]>a{color:inherit;font-size:inherit;line-height:inherit}.elementor-widget-heading .elementor-heading-title.elementor-size-small{font-size:15px}.elementor-widget-heading .elementor-heading-title.elementor-size-medium{font-size:19px}.elementor-widget-heading .elementor-heading-title.elementor-size-large{font-size:29px}.elementor-widget-heading .elementor-heading-title.elementor-size-xl{font-size:39px}.elementor-widget-heading .elementor-heading-title.elementor-size-xxl{font-size:59px}<\/style><h2 class=\"elementor-heading-title elementor-size-default\">Esther Palac\u00edn Rojo<\/h2>\t\t<\/div>\n\t\t\t\t<\/div>\n\t\t\t\t<div class=\"elementor-element elementor-element-aa133f9 elementor-view-default elementor-widget elementor-widget-icon\" data-id=\"aa133f9\" data-element_type=\"widget\" data-widget_type=\"icon.default\">\n\t\t\t\t<div class=\"elementor-widget-container\">\n\t\t\t\t\t<div class=\"elementor-icon-wrapper\">\n\t\t\t<a class=\"elementor-icon\" href=\"https:\/\/www.linkedin.com\/in\/estherpalacin\/?originalSubdomain=es\" target=\"_blank\">\n\t\t\t<i aria-hidden=\"true\" class=\"fab fa-linkedin\"><\/i>\t\t\t<\/a>\n\t\t<\/div>\n\t\t\t\t<\/div>\n\t\t\t\t<\/div>\n\t\t\t\t<div class=\"elementor-element elementor-element-807685e elementor-widget elementor-widget-heading\" data-id=\"807685e\" data-element_type=\"widget\" data-widget_type=\"heading.default\">\n\t\t\t\t<div class=\"elementor-widget-container\">\n\t\t\t<h3 class=\"elementor-heading-title elementor-size-default\">Senior Manager<\/h3>\t\t<\/div>\n\t\t\t\t<\/div>\n\t\t\t\t<div class=\"elementor-element elementor-element-b94ebf9 elementor-widget elementor-widget-heading\" data-id=\"b94ebf9\" data-element_type=\"widget\" data-widget_type=\"heading.default\">\n\t\t\t\t<div class=\"elementor-widget-container\">\n\t\t\t<h3 class=\"elementor-heading-title elementor-size-default\">Business Development | Digital Transformation | Cross-functional Project Mgmt. | Process, cost &amp; performance improvement <\/h3>\t\t<\/div>\n\t\t\t\t<\/div>\n\t\t\t\t<section class=\"elementor-section elementor-inner-section elementor-element elementor-element-4fe3d89 elementor-section-boxed elementor-section-height-default elementor-section-height-default\" data-id=\"4fe3d89\" data-element_type=\"section\">\n\t\t\t\t\t\t<div class=\"elementor-container elementor-column-gap-default\">\n\t\t\t\t\t<div class=\"elementor-column elementor-col-50 elementor-inner-column elementor-element elementor-element-eee587d\" data-id=\"eee587d\" data-element_type=\"column\">\n\t\t\t<div class=\"elementor-widget-wrap elementor-element-populated\">\n\t\t\t\t\t\t<div class=\"elementor-element elementor-element-cce9968 elementor-align-justify animated-slow elementor-invisible elementor-widget elementor-widget-button\" data-id=\"cce9968\" data-element_type=\"widget\" data-settings=\"{&quot;_animation&quot;:&quot;fadeInLeft&quot;,&quot;_animation_delay&quot;:1500}\" data-widget_type=\"button.default\">\n\t\t\t\t<div class=\"elementor-widget-container\">\n\t\t\t\t\t<div class=\"elementor-button-wrapper\">\n\t\t\t<a class=\"elementor-button elementor-button-link elementor-size-sm\" href=\"https:\/\/estherpalacin.com\/en\/cv\/\">\n\t\t\t\t\t\t<span class=\"elementor-button-content-wrapper\">\n\t\t\t\t\t\t<span class=\"elementor-button-icon elementor-align-icon-left\">\n\t\t\t\t<i aria-hidden=\"true\" class=\"fas fa-briefcase\"><\/i>\t\t\t<\/span>\n\t\t\t\t\t\t<span class=\"elementor-button-text\">CV<\/span>\n\t\t<\/span>\n\t\t\t\t\t<\/a>\n\t\t<\/div>\n\t\t\t\t<\/div>\n\t\t\t\t<\/div>\n\t\t\t\t\t<\/div>\n\t\t<\/div>\n\t\t\t\t<div class=\"elementor-column elementor-col-50 elementor-inner-column elementor-element elementor-element-d3336f7\" data-id=\"d3336f7\" data-element_type=\"column\">\n\t\t\t<div class=\"elementor-widget-wrap elementor-element-populated\">\n\t\t\t\t\t\t<div class=\"elementor-element elementor-element-66e586a elementor-align-justify animated-slow elementor-invisible elementor-widget elementor-widget-button\" data-id=\"66e586a\" data-element_type=\"widget\" data-settings=\"{&quot;_animation&quot;:&quot;fadeInRight&quot;,&quot;_animation_delay&quot;:2000}\" data-widget_type=\"button.default\">\n\t\t\t\t<div class=\"elementor-widget-container\">\n\t\t\t\t\t<div class=\"elementor-button-wrapper\">\n\t\t\t<a class=\"elementor-button elementor-button-link elementor-size-sm\" href=\"https:\/\/estherpalacin.com\/en\/blog\/\">\n\t\t\t\t\t\t<span class=\"elementor-button-content-wrapper\">\n\t\t\t\t\t\t<span class=\"elementor-button-icon elementor-align-icon-right\">\n\t\t\t\t<i aria-hidden=\"true\" class=\"far fa-newspaper\"><\/i>\t\t\t<\/span>\n\t\t\t\t\t\t<span class=\"elementor-button-text\">Blog<\/span>\n\t\t<\/span>\n\t\t\t\t\t<\/a>\n\t\t<\/div>\n\t\t\t\t<\/div>\n\t\t\t\t<\/div>\n\t\t\t\t\t<\/div>\n\t\t<\/div>\n\t\t\t\t\t<\/div>\n\t\t<\/section>\n\t\t\t\t\t<\/div>\n\t\t<\/div>\n\t\t\t\t\t<\/div>\n\t\t<\/section>\n\t\t\t\t<\/div>","protected":false},"excerpt":{"rendered":"<p>Esther Palac\u00edn Rojo Senior Manager Business Development | Digital Transformation | Cross-functional Project Mgmt. | Process, cost &amp; performance improvement CV Blog<\/p>","protected":false},"author":2,"featured_media":0,"parent":0,"menu_order":0,"comment_status":"closed","ping_status":"closed","template":"elementor_canvas","meta":{"footnotes":""},"class_list":["post-14","page","type-page","status-publish","hentry"],"yoast_head":"<!-- This site is optimized with the Yoast SEO plugin v22.3 - https:\/\/yoast.com\/wordpress\/plugins\/seo\/ -->\n<title>Inicio - Esther Palacin Rojo<\/title>\n<meta name=\"description\" content=\"Choose between my resume or my blog, or both if you prefer. In summary, I have a degree in Chemical Engineering, with eMBA and other education programs related to digital transformation and continuous improvement | Elige entre mi curr\u00edculum o mi blog, o ambos si lo prefieres. Como resumen, soy licenciada en Ingenier\u00eda Qu\u00edmica, con un eMBA y otra formaci\u00f3n relacionada con la transformaci\u00f3n digital y la mejora continua.\" \/>\n<meta name=\"robots\" content=\"index, follow, max-snippet:-1, max-image-preview:large, max-video-preview:-1\" \/>\n<link rel=\"canonical\" href=\"https:\/\/estherpalacin.com\/en\/\" \/>\n<meta property=\"og:locale\" content=\"en_GB\" \/>\n<meta property=\"og:type\" content=\"article\" \/>\n<meta property=\"og:title\" content=\"Inicio - Esther Palacin Rojo\" \/>\n<meta property=\"og:description\" content=\"Choose between my resume or my blog, or both if you prefer. In summary, I have a degree in Chemical Engineering, with eMBA and other education programs related to digital transformation and continuous improvement | Elige entre mi curr\u00edculum o mi blog, o ambos si lo prefieres. Como resumen, soy licenciada en Ingenier\u00eda Qu\u00edmica, con un eMBA y otra formaci\u00f3n relacionada con la transformaci\u00f3n digital y la mejora continua.\" \/>\n<meta property=\"og:url\" content=\"https:\/\/estherpalacin.com\/en\/\" \/>\n<meta property=\"og:site_name\" content=\"Esther Palacin Rojo\" \/>\n<meta property=\"article:modified_time\" content=\"2024-03-19T13:02:34+00:00\" \/>\n<meta property=\"og:image\" content=\"https:\/\/estherpalacin.com\/wp-content\/uploads\/elementor\/thumbs\/DSC_5728-copia-qg8cql9qpoyr6vsdgd5frflxamkzmoa6hwopcpa0fo.jpg\" \/>\n<meta name=\"twitter:card\" content=\"summary_large_image\" \/>\n<meta name=\"twitter:label1\" content=\"Estimated reading time\" \/>\n\t<meta name=\"twitter:data1\" content=\"1 minute\" \/>\n<script type=\"application\/ld+json\" class=\"yoast-schema-graph\">{\"@context\":\"https:\/\/schema.org\",\"@graph\":[{\"@type\":\"WebPage\",\"@id\":\"https:\/\/estherpalacin.com\/\",\"url\":\"https:\/\/estherpalacin.com\/\",\"name\":\"Inicio - Esther Palacin Rojo\",\"isPartOf\":{\"@id\":\"https:\/\/estherpalacin.com\/#website\"},\"primaryImageOfPage\":{\"@id\":\"https:\/\/estherpalacin.com\/#primaryimage\"},\"image\":{\"@id\":\"https:\/\/estherpalacin.com\/#primaryimage\"},\"thumbnailUrl\":\"https:\/\/estherpalacin.com\/wp-content\/uploads\/elementor\/thumbs\/DSC_5728-copia-qg8cql9qpoyr6vsdgd5frflxamkzmoa6hwopcpa0fo.jpg\",\"datePublished\":\"2023-02-07T20:43:40+00:00\",\"dateModified\":\"2024-03-19T13:02:34+00:00\",\"description\":\"Choose between my resume or my blog, or both if you prefer. In summary, I have a degree in Chemical Engineering, with eMBA and other education programs related to digital transformation and continuous improvement | Elige entre mi curr\u00edculum o mi blog, o ambos si lo prefieres. Como resumen, soy licenciada en Ingenier\u00eda Qu\u00edmica, con un eMBA y otra formaci\u00f3n relacionada con la transformaci\u00f3n digital y la mejora continua.\",\"breadcrumb\":{\"@id\":\"https:\/\/estherpalacin.com\/#breadcrumb\"},\"inLanguage\":\"en-GB\",\"potentialAction\":[{\"@type\":\"ReadAction\",\"target\":[\"https:\/\/estherpalacin.com\/\"]}]},{\"@type\":\"ImageObject\",\"inLanguage\":\"en-GB\",\"@id\":\"https:\/\/estherpalacin.com\/#primaryimage\",\"url\":\"https:\/\/estherpalacin.com\/wp-content\/uploads\/elementor\/thumbs\/DSC_5728-copia-qg8cql9qpoyr6vsdgd5frflxamkzmoa6hwopcpa0fo.jpg\",\"contentUrl\":\"https:\/\/estherpalacin.com\/wp-content\/uploads\/elementor\/thumbs\/DSC_5728-copia-qg8cql9qpoyr6vsdgd5frflxamkzmoa6hwopcpa0fo.jpg\"},{\"@type\":\"BreadcrumbList\",\"@id\":\"https:\/\/estherpalacin.com\/#breadcrumb\",\"itemListElement\":[{\"@type\":\"ListItem\",\"position\":1,\"name\":\"Portada\",\"item\":\"https:\/\/estherpalacin.com\/\"},{\"@type\":\"ListItem\",\"position\":2,\"name\":\"Inicio\"}]},{\"@type\":\"WebSite\",\"@id\":\"https:\/\/estherpalacin.com\/#website\",\"url\":\"https:\/\/estherpalacin.com\/\",\"name\":\"Esther Palacin Rojo\",\"description\":\"\",\"potentialAction\":[{\"@type\":\"SearchAction\",\"target\":{\"@type\":\"EntryPoint\",\"urlTemplate\":\"https:\/\/estherpalacin.com\/?s={search_term_string}\"},\"query-input\":\"required name=search_term_string\"}],\"inLanguage\":\"en-GB\"}]}<\/script>\n<!-- \/ Yoast SEO plugin. -->","yoast_head_json":{"title":"Inicio - Esther Palacin Rojo","description":"Choose between my resume or my blog, or both if you prefer. In summary, I have a degree in Chemical Engineering, with eMBA and other education programs related to digital transformation and continuous improvement | Elige entre mi curr\u00edculum o mi blog, o ambos si lo prefieres. Como resumen, soy licenciada en Ingenier\u00eda Qu\u00edmica, con un eMBA y otra formaci\u00f3n relacionada con la transformaci\u00f3n digital y la mejora continua.","robots":{"index":"index","follow":"follow","max-snippet":"max-snippet:-1","max-image-preview":"max-image-preview:large","max-video-preview":"max-video-preview:-1"},"canonical":"https:\/\/estherpalacin.com\/en\/","og_locale":"en_GB","og_type":"article","og_title":"Inicio - Esther Palacin Rojo","og_description":"Choose between my resume or my blog, or both if you prefer. In summary, I have a degree in Chemical Engineering, with eMBA and other education programs related to digital transformation and continuous improvement | Elige entre mi curr\u00edculum o mi blog, o ambos si lo prefieres. Como resumen, soy licenciada en Ingenier\u00eda Qu\u00edmica, con un eMBA y otra formaci\u00f3n relacionada con la transformaci\u00f3n digital y la mejora continua.","og_url":"https:\/\/estherpalacin.com\/en\/","og_site_name":"Esther Palacin Rojo","article_modified_time":"2024-03-19T13:02:34+00:00","og_image":[{"url":"https:\/\/estherpalacin.com\/wp-content\/uploads\/elementor\/thumbs\/DSC_5728-copia-qg8cql9qpoyr6vsdgd5frflxamkzmoa6hwopcpa0fo.jpg"}],"twitter_card":"summary_large_image","twitter_misc":{"Estimated reading time":"1 minute"},"schema":{"@context":"https:\/\/schema.org","@graph":[{"@type":"WebPage","@id":"https:\/\/estherpalacin.com\/","url":"https:\/\/estherpalacin.com\/","name":"Inicio - Esther Palacin Rojo","isPartOf":{"@id":"https:\/\/estherpalacin.com\/#website"},"primaryImageOfPage":{"@id":"https:\/\/estherpalacin.com\/#primaryimage"},"image":{"@id":"https:\/\/estherpalacin.com\/#primaryimage"},"thumbnailUrl":"https:\/\/estherpalacin.com\/wp-content\/uploads\/elementor\/thumbs\/DSC_5728-copia-qg8cql9qpoyr6vsdgd5frflxamkzmoa6hwopcpa0fo.jpg","datePublished":"2023-02-07T20:43:40+00:00","dateModified":"2024-03-19T13:02:34+00:00","description":"Choose between my resume or my blog, or both if you prefer. In summary, I have a degree in Chemical Engineering, with eMBA and other education programs related to digital transformation and continuous improvement | Elige entre mi curr\u00edculum o mi blog, o ambos si lo prefieres. Como resumen, soy licenciada en Ingenier\u00eda Qu\u00edmica, con un eMBA y otra formaci\u00f3n relacionada con la transformaci\u00f3n digital y la mejora continua.","breadcrumb":{"@id":"https:\/\/estherpalacin.com\/#breadcrumb"},"inLanguage":"en-GB","potentialAction":[{"@type":"ReadAction","target":["https:\/\/estherpalacin.com\/"]}]},{"@type":"ImageObject","inLanguage":"en-GB","@id":"https:\/\/estherpalacin.com\/#primaryimage","url":"https:\/\/estherpalacin.com\/wp-content\/uploads\/elementor\/thumbs\/DSC_5728-copia-qg8cql9qpoyr6vsdgd5frflxamkzmoa6hwopcpa0fo.jpg","contentUrl":"https:\/\/estherpalacin.com\/wp-content\/uploads\/elementor\/thumbs\/DSC_5728-copia-qg8cql9qpoyr6vsdgd5frflxamkzmoa6hwopcpa0fo.jpg"},{"@type":"BreadcrumbList","@id":"https:\/\/estherpalacin.com\/#breadcrumb","itemListElement":[{"@type":"ListItem","position":1,"name":"Portada","item":"https:\/\/estherpalacin.com\/"},{"@type":"ListItem","position":2,"name":"Inicio"}]},{"@type":"WebSite","@id":"https:\/\/estherpalacin.com\/#website","url":"https:\/\/estherpalacin.com\/","name":"Esther Palacin Rojo","description":"","potentialAction":[{"@type":"SearchAction","target":{"@type":"EntryPoint","urlTemplate":"https:\/\/estherpalacin.com\/?s={search_term_string}"},"query-input":"required name=search_term_string"}],"inLanguage":"en-GB"}]}},"_links":{"self":[{"href":"https:\/\/estherpalacin.com\/en\/wp-json\/wp\/v2\/pages\/14","targetHints":{"allow":["GET"]}}],"collection":[{"href":"https:\/\/estherpalacin.com\/en\/wp-json\/wp\/v2\/pages"}],"about":[{"href":"https:\/\/estherpalacin.com\/en\/wp-json\/wp\/v2\/types\/page"}],"author":[{"embeddable":true,"href":"https:\/\/estherpalacin.com\/en\/wp-json\/wp\/v2\/users\/2"}],"replies":[{"embeddable":true,"href":"https:\/\/estherpalacin.com\/en\/wp-json\/wp\/v2\/comments?post=14"}],"version-history":[{"count":66,"href":"https:\/\/estherpalacin.com\/en\/wp-json\/wp\/v2\/pages\/14\/revisions"}],"predecessor-version":[{"id":748,"href":"https:\/\/estherpalacin.com\/en\/wp-json\/wp\/v2\/pages\/14\/revisions\/748"}],"wp:attachment":[{"href":"https:\/\/estherpalacin.com\/en\/wp-json\/wp\/v2\/media?parent=14"}],"curies":[{"name":"wp","href":"https:\/\/api.w.org\/{rel}","templated":true}]}}